{"id":215,"date":"2024-04-26T14:12:42","date_gmt":"2024-04-26T12:12:42","guid":{"rendered":"https:\/\/horvatorszagiautomentes.hu\/wp\/?page_id=215"},"modified":"2024-05-30T14:09:38","modified_gmt":"2024-05-30T12:09:38","slug":"215-2","status":"publish","type":"page","link":"https:\/\/horvatorszagiautomentes.hu\/","title":{"rendered":"Fooldal"},"content":{"rendered":"\t\t<div data-elementor-type=\"page\" data-elementor-id=\"150\" class=\"elementor elementor-150\" data-elementor-post-type=\"elementor_library\">\n\t\t\t\t<div class=\"elementor-element elementor-element-16c79521 e-flex e-con-boxed e-con e-parent\" data-id=\"16c79521\" data-element_type=\"container\" data-settings=\"{&quot;background_background&quot;:&quot;slideshow&quot;,&quot;background_slideshow_gallery&quot;:[{&quot;id&quot;:190,&quot;url&quot;:&quot;https:\\\/\\\/horvatorszagiautomentes.hu\\\/wp-content\\\/uploads\\\/2024\\\/04\\\/IMG_0354.jpg&quot;},{&quot;id&quot;:189,&quot;url&quot;:&quot;https:\\\/\\\/horvatorszagiautomentes.hu\\\/wp-content\\\/uploads\\\/2024\\\/04\\\/IMG_0362-1.jpeg&quot;},{&quot;id&quot;:188,&quot;url&quot;:&quot;https:\\\/\\\/horvatorszagiautomentes.hu\\\/wp-content\\\/uploads\\\/2024\\\/04\\\/IMG_0379-1.jpeg&quot;},{&quot;id&quot;:191,&quot;url&quot;:&quot;https:\\\/\\\/horvatorszagiautomentes.hu\\\/wp-content\\\/uploads\\\/2024\\\/03\\\/IMG_0355.jpeg&quot;}],&quot;background_slideshow_slide_transition&quot;:&quot;slide_left&quot;,&quot;background_slideshow_ken_burns&quot;:&quot;yes&quot;,&quot;content_width&quot;:&quot;boxed&quot;,&quot;background_slideshow_loop&quot;:&quot;yes&quot;,&quot;background_slideshow_slide_duration&quot;:5000,&quot;background_slideshow_transition_duration&quot;:500,&quot;background_slideshow_ken_burns_zoom_direction&quot;:&quot;in&quot;}\" data-core-v316-plus=\"true\">\n\t\t\t\t\t<div class=\"e-con-inner\">\n\t\t<div class=\"elementor-element elementor-element-7e0933d9 e-flex e-con-boxed e-con e-child\" data-id=\"7e0933d9\" data-element_type=\"container\" data-settings=\"{&quot;content_width&quot;:&quot;boxed&quot;}\">\n\t\t\t\t\t<div class=\"e-con-inner\">\n\t\t\t\t<div class=\"elementor-element elementor-element-3409e19d elementor-widget__width-inherit elementor-widget-mobile__width-initial elementor-widget elementor-widget-text-editor\" data-id=\"3409e19d\" data-element_type=\"widget\" data-widget_type=\"text-editor.default\">\n\t\t\t\t<div class=\"elementor-widget-container\">\n\t\t\t<style>\/*! elementor - v3.19.0 - 29-01-2024 *\/\n.elementor-widget-text-editor.elementor-drop-cap-view-stacked .elementor-drop-cap{background-color:#69727d;color:#fff}.elementor-widget-text-editor.elementor-drop-cap-view-framed .elementor-drop-cap{color:#69727d;border:3px solid;background-color:transparent}.elementor-widget-text-editor:not(.elementor-drop-cap-view-default) .elementor-drop-cap{margin-top:8px}.elementor-widget-text-editor:not(.elementor-drop-cap-view-default) .elementor-drop-cap-letter{width:1em;height:1em}.elementor-widget-text-editor .elementor-drop-cap{float:left;text-align:center;line-height:1;font-size:50px}.elementor-widget-text-editor .elementor-drop-cap-letter{display:inline-block}<\/style>\t\t\t\t<p style=\"text-align: center;\"><span style=\"color: #ffffff;\">HORV\u00c1TORSZ\u00c1GI AUT\u00d3MENT\u00c9S<\/span><\/p>\t\t\t\t\t\t<\/div>\n\t\t\t\t<\/div>\n\t\t\t\t<div class=\"elementor-element elementor-element-3f735fb elementor-widget__width-initial elementor-widget-mobile__width-initial elementor-widget elementor-widget-text-editor\" data-id=\"3f735fb\" data-element_type=\"widget\" data-widget_type=\"text-editor.default\">\n\t\t\t\t<div class=\"elementor-widget-container\">\n\t\t\t\t\t\t\t<p style=\"padding-left: 40px; text-align: center;\"><span style=\"color: #ffffff;\">+36 70 374 3647<\/span><\/p><p style=\"padding-left: 40px; text-align: center;\"><span style=\"color: #ffffff;\">+36 20 583 6112<\/span><\/p>\t\t\t\t\t\t<\/div>\n\t\t\t\t<\/div>\n\t\t\t\t\t<\/div>\n\t\t\t\t<\/div>\n\t\t\t\t\t<\/div>\n\t\t\t\t<\/div>\n\t\t<div class=\"elementor-element elementor-element-59615750 e-flex e-con-boxed e-con e-parent\" data-id=\"59615750\" data-element_type=\"container\" data-settings=\"{&quot;background_background&quot;:&quot;classic&quot;,&quot;content_width&quot;:&quot;boxed&quot;}\" data-core-v316-plus=\"true\">\n\t\t\t\t\t<div class=\"e-con-inner\">\n\t\t<div class=\"elementor-element elementor-element-21cd3c74 e-flex e-con-boxed e-con e-child\" data-id=\"21cd3c74\" data-element_type=\"container\" data-settings=\"{&quot;content_width&quot;:&quot;boxed&quot;}\">\n\t\t\t\t\t<div class=\"e-con-inner\">\n\t\t\t\t<div class=\"elementor-element elementor-element-50e56761 elementor-widget elementor-widget-text-editor\" data-id=\"50e56761\" data-element_type=\"widget\" data-widget_type=\"text-editor.default\">\n\t\t\t\t<div class=\"elementor-widget-container\">\n\t\t\t\t\t\t\t<h2 style=\"text-align: center;\"><span style=\"color: #333333;\">\u2022<\/span><\/h2><p style=\"text-align: center;\">T\u00e1rsas\u00e1gunk f\u0151 tev\u00e9kenys\u00e9gi k\u00f6re az <strong>aut\u00f3ment\u00e9s <\/strong>\u00e9s<strong> aut\u00f3sz\u00e1ll\u00edt\u00e1s<\/strong>. Legyen sz\u00f3 <strong>m\u0171szaki hib\u00e1s<\/strong>, <strong>balesetet szenvedett<\/strong>, <strong>mozg\u00e1sk\u00e9ptelen<\/strong> \u00e9s <strong>okm\u00e1nyok n\u00e9lk\u00fcli<\/strong> <strong>szem\u00e9ly<\/strong>-, \u00e9s <strong>3.5 tonna alatti kisteheraut\u00f3r\u00f3l<\/strong>, 4 szerelv\u00e9nnyel folyamatosan \u00e1llunk rendelkez\u00e9sre.<\/p>\t\t\t\t\t\t<\/div>\n\t\t\t\t<\/div>\n\t\t\t\t<div class=\"elementor-element elementor-element-15ed61e5 elementor-widget elementor-widget-text-editor\" data-id=\"15ed61e5\" data-element_type=\"widget\" data-widget_type=\"text-editor.default\">\n\t\t\t\t<div class=\"elementor-widget-container\">\n\t\t\t\t\t\t\t<h2 style=\"text-align: center;\"><span style=\"color: #333333;\">\u2022<\/span><\/h2><p style=\"text-align: center;\"><strong>Nagykanizsai<\/strong> \u00e9s <strong>Z\u00e1gr\u00e1bi telephely\u00fcnknek<\/strong> k\u00f6sz\u00f6nhet\u0151en,<strong> r\u00f6vid id\u0151n alatt helysz\u00ednre tudunk \u00e9rkezni<\/strong>. V\u00e1llaljuk j\u00e1rm\u0171vek sz\u00e1ll\u00edt\u00e1s\u00e1t <strong>Horv\u00e1torsz\u00e1g<\/strong>, <strong>Szlov\u00e9nia<\/strong>, <strong>Ausztria<\/strong>, <strong>Olaszorsz\u00e1g<\/strong>, <strong>Bosznia<\/strong>, <strong>Montenegr\u00f3<\/strong>, <strong>Alb\u00e1nia<\/strong> ter\u00fcl\u00e9r\u0151l <strong>Magyarorsz\u00e1g b\u00e1rmely pontj\u00e1ra<\/strong>, ak\u00e1r <strong>5 f\u0151 csal\u00e1d eset\u00e9n 6+1 f\u0151s aut\u00f3ment\u0151vel<\/strong>, ak\u00e1r <strong>kisbuszok utasait<\/strong> kis\u00e9r\u0151 j\u00e1rm\u0171vel.<\/p>\t\t\t\t\t\t<\/div>\n\t\t\t\t<\/div>\n\t\t\t\t<div class=\"elementor-element elementor-element-13e8318 elementor-widget elementor-widget-text-editor\" data-id=\"13e8318\" data-element_type=\"widget\" data-widget_type=\"text-editor.default\">\n\t\t\t\t<div class=\"elementor-widget-container\">\n\t\t\t\t\t\t\t<h2 style=\"text-align: center;\"><span style=\"color: #333333;\">\u2022<\/span><\/h2><p style=\"text-align: center;\"><strong>Nyaral\u00e1s\u00e1t nem kell megszak\u00edtania<\/strong> egy meghib\u00e1sodott \/ s\u00e9r\u00fclt j\u00e1rm\u0171 miatt. Van lehet\u0151s\u00e9g <strong>b\u00e9raut\u00f3 ig\u00e9nyl\u00e9sre<\/strong> \u00e9s <strong>j\u00e1rm\u0171ve jav\u00edt\u00e1s\u00e1ra<\/strong> a nyaral\u00e1s ideje alatt.<\/p>\t\t\t\t\t\t<\/div>\n\t\t\t\t<\/div>\n\t\t\t\t\t<\/div>\n\t\t\t\t<\/div>\n\t\t\t\t\t<\/div>\n\t\t\t\t<\/div>\n\t\t<div class=\"elementor-element elementor-element-5c45231a e-flex e-con-boxed e-con e-parent\" data-id=\"5c45231a\" data-element_type=\"container\" data-settings=\"{&quot;background_background&quot;:&quot;classic&quot;,&quot;content_width&quot;:&quot;boxed&quot;}\" data-core-v316-plus=\"true\">\n\t\t\t\t\t<div class=\"e-con-inner\">\n\t\t\t\t<div class=\"elementor-element elementor-element-841ae95 elementor-widget elementor-widget-text-editor\" data-id=\"841ae95\" data-element_type=\"widget\" data-widget_type=\"text-editor.default\">\n\t\t\t\t<div class=\"elementor-widget-container\">\n\t\t\t\t\t\t\t<p style=\"text-align: center;\"><span style=\"color: #ffffff;\">SZOLG\u00c1LTAT\u00c1SAINK<\/span><\/p>\t\t\t\t\t\t<\/div>\n\t\t\t\t<\/div>\n\t\t<div class=\"elementor-element elementor-element-2a09319e e-flex e-con-boxed e-con e-child\" data-id=\"2a09319e\" data-element_type=\"container\" data-settings=\"{&quot;content_width&quot;:&quot;boxed&quot;}\">\n\t\t\t\t\t<div class=\"e-con-inner\">\n\t\t<div class=\"elementor-element elementor-element-774d2454 e-flex e-con-boxed e-con e-child\" data-id=\"774d2454\" data-element_type=\"container\" data-settings=\"{&quot;content_width&quot;:&quot;boxed&quot;}\">\n\t\t\t\t\t<div class=\"e-con-inner\">\n\t\t<div class=\"elementor-element elementor-element-d9463d6 e-flex e-con-boxed e-con e-child\" data-id=\"d9463d6\" data-element_type=\"container\" data-settings=\"{&quot;content_width&quot;:&quot;boxed&quot;}\">\n\t\t\t\t\t<div class=\"e-con-inner\">\n\t\t\t\t<div class=\"elementor-element elementor-element-68ea396 elementor-widget__width-initial elementor-widget-mobile__width-initial elementor-widget elementor-widget-text-editor\" data-id=\"68ea396\" data-element_type=\"widget\" data-widget_type=\"text-editor.default\">\n\t\t\t\t<div class=\"elementor-widget-container\">\n\t\t\t\t\t\t\t<h4 style=\"text-align: center;\"><span style=\"color: #ffffff;\">\u2022<\/span><\/h4><h4 style=\"text-align: center;\"><span style=\"color: #ffffff;\">Aut\u00f3 , Furgon ment\u00e9s<\/span><\/h4><h4 style=\"text-align: center;\"><span style=\"color: #ffffff;\">\u2022<\/span><\/h4><h4 style=\"text-align: center;\"><span style=\"color: #ffffff;\">Aut\u00f3\/Furgon sz\u00e1ll\u00edt\u00e1s<\/span><\/h4><h4 style=\"text-align: center;\"><span style=\"color: #ffffff;\">\u2022<\/span><\/h4><h4 style=\"text-align: center;\"><span style=\"color: #ffffff;\">Lak\u00f3aut\u00f3-, haj\u00f3-,<\/span><\/h4><h4 style=\"text-align: center;\"><span style=\"color: #ffffff;\"> motorsz\u00e1ll\u00edt\u00e1s<\/span><\/h4>\t\t\t\t\t\t<\/div>\n\t\t\t\t<\/div>\n\t\t\t\t<div class=\"elementor-element elementor-element-3f83ef0 elementor-widget elementor-widget-text-editor\" data-id=\"3f83ef0\" data-element_type=\"widget\" data-widget_type=\"text-editor.default\">\n\t\t\t\t<div class=\"elementor-widget-container\">\n\t\t\t\t\t\t\t<h4 style=\"text-align: center;\"><span style=\"color: #ffffff;\">\u2022<\/span><\/h4><h4 style=\"text-align: center;\"><span style=\"color: #ffffff;\">B\u00e9raut\u00f3 szolg\u00e1ltal\u00e1s<\/span><\/h4><h4 style=\"text-align: center;\"><span style=\"color: #ffffff;\">\u2022<\/span><\/h4><h4 style=\"text-align: center;\"><span style=\"color: #ffffff;\">M\u0171szaki seg\u00edts\u00e9g ny\u00fajt\u00e1s<\/span><\/h4><h4 style=\"text-align: center;\"><span style=\"color: #ffffff;\">\u2022<\/span><\/h4><h4 style=\"text-align: center;\"><span style=\"color: #ffffff;\">Egy\u00e9b sz\u00e1ll\u00edt\u00e1s 3.5 tonna t\u00f6meghat\u00e1rig<\/span><\/h4>\t\t\t\t\t\t<\/div>\n\t\t\t\t<\/div>\n\t\t\t\t\t<\/div>\n\t\t\t\t<\/div>\n\t\t\t\t\t<\/div>\n\t\t\t\t<\/div>\n\t\t\t\t\t<\/div>\n\t\t\t\t<\/div>\n\t\t\t\t\t<\/div>\n\t\t\t\t<\/div>\n\t\t<div class=\"elementor-element elementor-element-1ac4a8d3 e-flex e-con-boxed e-con e-parent\" data-id=\"1ac4a8d3\" data-element_type=\"container\" data-settings=\"{&quot;background_background&quot;:&quot;classic&quot;,&quot;content_width&quot;:&quot;boxed&quot;}\" data-core-v316-plus=\"true\">\n\t\t\t\t\t<div class=\"e-con-inner\">\n\t\t<div class=\"elementor-element elementor-element-4f735d2b e-flex e-con-boxed e-con e-child\" data-id=\"4f735d2b\" data-element_type=\"container\" data-settings=\"{&quot;content_width&quot;:&quot;boxed&quot;}\">\n\t\t\t\t\t<div class=\"e-con-inner\">\n\t\t<div class=\"elementor-element elementor-element-3207a820 e-con-full e-flex e-con e-child\" data-id=\"3207a820\" data-element_type=\"container\" data-settings=\"{&quot;content_width&quot;:&quot;full&quot;}\">\n\t\t\t\t<div class=\"elementor-element elementor-element-70375aa7 elementor-position-top elementor-widget elementor-widget-image-box\" data-id=\"70375aa7\" data-element_type=\"widget\" data-widget_type=\"image-box.default\">\n\t\t\t\t<div class=\"elementor-widget-container\">\n\t\t\t<style>\/*! elementor - v3.19.0 - 29-01-2024 *\/\n.elementor-widget-image-box .elementor-image-box-content{width:100%}@media (min-width:768px){.elementor-widget-image-box.elementor-position-left .elementor-image-box-wrapper,.elementor-widget-image-box.elementor-position-right .elementor-image-box-wrapper{display:flex}.elementor-widget-image-box.elementor-position-right .elementor-image-box-wrapper{text-align:right;flex-direction:row-reverse}.elementor-widget-image-box.elementor-position-left .elementor-image-box-wrapper{text-align:left;flex-direction:row}.elementor-widget-image-box.elementor-position-top .elementor-image-box-img{margin:auto}.elementor-widget-image-box.elementor-vertical-align-top .elementor-image-box-wrapper{align-items:flex-start}.elementor-widget-image-box.elementor-vertical-align-middle .elementor-image-box-wrapper{align-items:center}.elementor-widget-image-box.elementor-vertical-align-bottom .elementor-image-box-wrapper{align-items:flex-end}}@media (max-width:767px){.elementor-widget-image-box .elementor-image-box-img{margin-left:auto!important;margin-right:auto!important;margin-bottom:15px}}.elementor-widget-image-box .elementor-image-box-img{display:inline-block}.elementor-widget-image-box .elementor-image-box-title a{color:inherit}.elementor-widget-image-box .elementor-image-box-wrapper{text-align:center}.elementor-widget-image-box .elementor-image-box-description{margin:0}<\/style><div class=\"elementor-image-box-wrapper\"><figure class=\"elementor-image-box-img\"><img decoding=\"async\" width=\"150\" height=\"150\" src=\"https:\/\/horvatorszagiautomentes.hu\/wp-content\/uploads\/2024\/03\/tow-truck_2365844-150x150.png\" class=\"attachment-thumbnail size-thumbnail wp-image-207\" alt=\"\" srcset=\"https:\/\/horvatorszagiautomentes.hu\/wp-content\/uploads\/2024\/03\/tow-truck_2365844-150x150.png 150w, https:\/\/horvatorszagiautomentes.hu\/wp-content\/uploads\/2024\/03\/tow-truck_2365844-300x300.png 300w, https:\/\/horvatorszagiautomentes.hu\/wp-content\/uploads\/2024\/03\/tow-truck_2365844.png 512w\" sizes=\"(max-width: 150px) 85vw, 150px\" \/><\/figure><div class=\"elementor-image-box-content\"><h1 class=\"elementor-image-box-title\">Aut\u00f3-, Furgon ment\u00e9s<\/h1><p class=\"elementor-image-box-description\">M\u0171szaki hib\u00e1s, \u00e1rokba cs\u00faszott, esetleges balesetet szenvedett j\u00e1rm\u0171vek szakszer\u0171 ment\u00e9se, majd a megrendel\u0151 \u00e1ltal k\u00e9rt c\u00edmre sz\u00e1ll\u00edt\u00e1sa.<\/p><\/div><\/div>\t\t<\/div>\n\t\t\t\t<\/div>\n\t\t\t\t<\/div>\n\t\t<div class=\"elementor-element elementor-element-9192b19 e-con-full e-flex e-con e-child\" data-id=\"9192b19\" data-element_type=\"container\" data-settings=\"{&quot;content_width&quot;:&quot;full&quot;}\">\n\t\t\t\t<div class=\"elementor-element elementor-element-14d4c7a elementor-position-top elementor-widget elementor-widget-image-box\" data-id=\"14d4c7a\" data-element_type=\"widget\" data-widget_type=\"image-box.default\">\n\t\t\t\t<div class=\"elementor-widget-container\">\n\t\t\t<div class=\"elementor-image-box-wrapper\"><figure class=\"elementor-image-box-img\"><img decoding=\"async\" width=\"150\" height=\"150\" src=\"https:\/\/horvatorszagiautomentes.hu\/wp-content\/uploads\/2024\/03\/truck_3389770-150x150.png\" class=\"attachment-thumbnail size-thumbnail wp-image-205\" alt=\"\" srcset=\"https:\/\/horvatorszagiautomentes.hu\/wp-content\/uploads\/2024\/03\/truck_3389770-150x150.png 150w, https:\/\/horvatorszagiautomentes.hu\/wp-content\/uploads\/2024\/03\/truck_3389770-300x300.png 300w, https:\/\/horvatorszagiautomentes.hu\/wp-content\/uploads\/2024\/03\/truck_3389770.png 512w\" sizes=\"(max-width: 150px) 85vw, 150px\" \/><\/figure><div class=\"elementor-image-box-content\"><h1 class=\"elementor-image-box-title\">Aut\u00f3-, Furgon sz\u00e1ll\u00edt\u00e1s<\/h1><p class=\"elementor-image-box-description\">M\u0171szaki hib\u00e1s, lej\u00e1rt vagy okm\u00e1nyn\u00e9lk\u00fcli g\u00e9pj\u00e1rm\u0171vek, pl. versenyaut\u00f3k m\u00e9g nem forgalomba helyezett aut\u00f3k sz\u00e1ll\u00edt\u00e1sa.<\/p><\/div><\/div>\t\t<\/div>\n\t\t\t\t<\/div>\n\t\t\t\t<\/div>\n\t\t<div class=\"elementor-element elementor-element-30b0791 e-con-full e-flex e-con e-child\" data-id=\"30b0791\" data-element_type=\"container\" data-settings=\"{&quot;content_width&quot;:&quot;full&quot;}\">\n\t\t\t\t<div class=\"elementor-element elementor-element-c1bbd8c elementor-position-top elementor-widget elementor-widget-image-box\" data-id=\"c1bbd8c\" data-element_type=\"widget\" data-widget_type=\"image-box.default\">\n\t\t\t\t<div class=\"elementor-widget-container\">\n\t\t\t<div class=\"elementor-image-box-wrapper\"><figure class=\"elementor-image-box-img\"><img decoding=\"async\" width=\"150\" height=\"150\" src=\"https:\/\/horvatorszagiautomentes.hu\/wp-content\/uploads\/2024\/03\/ship_14212158-150x150.png\" class=\"attachment-thumbnail size-thumbnail wp-image-208\" alt=\"\" srcset=\"https:\/\/horvatorszagiautomentes.hu\/wp-content\/uploads\/2024\/03\/ship_14212158-150x150.png 150w, https:\/\/horvatorszagiautomentes.hu\/wp-content\/uploads\/2024\/03\/ship_14212158-300x300.png 300w, https:\/\/horvatorszagiautomentes.hu\/wp-content\/uploads\/2024\/03\/ship_14212158.png 512w\" sizes=\"(max-width: 150px) 85vw, 150px\" \/><\/figure><div class=\"elementor-image-box-content\"><h1 class=\"elementor-image-box-title\">Lak\u00f3aut\u00f3-, haj\u00f3-, motorsz\u00e1ll\u00edt\u00e1s<\/h1><p class=\"elementor-image-box-description\">Kis \u00e9s nagymotorok, kisebb haj\u00f3k, lak\u00f3kocsik \u00e9s lak\u00f3aut\u00f3k sz\u00e1ll\u00edt\u00e1sa.<\/p><\/div><\/div>\t\t<\/div>\n\t\t\t\t<\/div>\n\t\t\t\t<\/div>\n\t\t\t\t\t<\/div>\n\t\t\t\t<\/div>\n\t\t<div class=\"elementor-element elementor-element-1a28494 e-flex e-con-boxed e-con e-child\" data-id=\"1a28494\" data-element_type=\"container\" data-settings=\"{&quot;content_width&quot;:&quot;boxed&quot;}\">\n\t\t\t\t\t<div class=\"e-con-inner\">\n\t\t<div class=\"elementor-element elementor-element-ba1b342 e-con-full e-flex e-con e-child\" data-id=\"ba1b342\" data-element_type=\"container\" data-settings=\"{&quot;content_width&quot;:&quot;full&quot;}\">\n\t\t\t\t<div class=\"elementor-element elementor-element-8fb1f85 elementor-position-top elementor-widget elementor-widget-image-box\" data-id=\"8fb1f85\" data-element_type=\"widget\" data-widget_type=\"image-box.default\">\n\t\t\t\t<div class=\"elementor-widget-container\">\n\t\t\t<div class=\"elementor-image-box-wrapper\"><figure class=\"elementor-image-box-img\"><img loading=\"lazy\" decoding=\"async\" width=\"150\" height=\"150\" src=\"https:\/\/horvatorszagiautomentes.hu\/wp-content\/uploads\/2024\/03\/car-rental_3775964-150x150.png\" class=\"attachment-thumbnail size-thumbnail wp-image-210\" alt=\"\" srcset=\"https:\/\/horvatorszagiautomentes.hu\/wp-content\/uploads\/2024\/03\/car-rental_3775964-150x150.png 150w, https:\/\/horvatorszagiautomentes.hu\/wp-content\/uploads\/2024\/03\/car-rental_3775964-300x300.png 300w, https:\/\/horvatorszagiautomentes.hu\/wp-content\/uploads\/2024\/03\/car-rental_3775964.png 512w\" sizes=\"(max-width: 150px) 85vw, 150px\" \/><\/figure><div class=\"elementor-image-box-content\"><h1 class=\"elementor-image-box-title\">B\u00e9raut\u00f3 szolg\u00e1ltal\u00e1s<\/h1><p class=\"elementor-image-box-description\">Nyaral\u00e1s utaz\u00e1s folytat\u00e1s\u00e1hoz, visz\u00fcnk b\u00e9raut\u00f3t a s\u00e9r\u00fclt vagy hib\u00e1s aut\u00f3 helyett.<\/p><\/div><\/div>\t\t<\/div>\n\t\t\t\t<\/div>\n\t\t\t\t<\/div>\n\t\t<div class=\"elementor-element elementor-element-93872b4 e-con-full e-flex e-con e-child\" data-id=\"93872b4\" data-element_type=\"container\" data-settings=\"{&quot;content_width&quot;:&quot;full&quot;}\">\n\t\t\t\t<div class=\"elementor-element elementor-element-c2ce5bb elementor-position-top elementor-widget elementor-widget-image-box\" data-id=\"c2ce5bb\" data-element_type=\"widget\" data-widget_type=\"image-box.default\">\n\t\t\t\t<div class=\"elementor-widget-container\">\n\t\t\t<div class=\"elementor-image-box-wrapper\"><figure class=\"elementor-image-box-img\"><img loading=\"lazy\" decoding=\"async\" width=\"150\" height=\"150\" src=\"https:\/\/horvatorszagiautomentes.hu\/wp-content\/uploads\/2024\/03\/repair-service_11252760-150x150.png\" class=\"attachment-thumbnail size-thumbnail wp-image-209\" alt=\"\" srcset=\"https:\/\/horvatorszagiautomentes.hu\/wp-content\/uploads\/2024\/03\/repair-service_11252760-150x150.png 150w, https:\/\/horvatorszagiautomentes.hu\/wp-content\/uploads\/2024\/03\/repair-service_11252760-300x300.png 300w, https:\/\/horvatorszagiautomentes.hu\/wp-content\/uploads\/2024\/03\/repair-service_11252760.png 512w\" sizes=\"(max-width: 150px) 85vw, 150px\" \/><\/figure><div class=\"elementor-image-box-content\"><h1 class=\"elementor-image-box-title\">M\u0171szaki seg\u00edts\u00e9g ny\u00fajt\u00e1s<\/h1><p class=\"elementor-image-box-description\">F\u00e9rletankolt aut\u00f3kb\u00f3l \u00fczemanyag leereszt\u00e9se, lemer\u00fclt aut\u00f3 bik\u00e1z\u00e1sa, egyszer\u0171bb helysz\u00ednen megval\u00f3s\u00edthat\u00f3 jav\u00edt\u00e1sok (ker\u00e9kcsere, defektjav\u00edt\u00e1s, stb).<\/p><\/div><\/div>\t\t<\/div>\n\t\t\t\t<\/div>\n\t\t\t\t<\/div>\n\t\t<div class=\"elementor-element elementor-element-c57c712 e-con-full e-flex e-con e-child\" data-id=\"c57c712\" data-element_type=\"container\" data-settings=\"{&quot;content_width&quot;:&quot;full&quot;}\">\n\t\t\t\t<div class=\"elementor-element elementor-element-ffbcd7f elementor-position-top elementor-widget elementor-widget-image-box\" data-id=\"ffbcd7f\" data-element_type=\"widget\" data-widget_type=\"image-box.default\">\n\t\t\t\t<div class=\"elementor-widget-container\">\n\t\t\t<div class=\"elementor-image-box-wrapper\"><figure class=\"elementor-image-box-img\"><img loading=\"lazy\" decoding=\"async\" width=\"150\" height=\"150\" src=\"https:\/\/horvatorszagiautomentes.hu\/wp-content\/uploads\/2024\/03\/transport_14945232-150x150.png\" class=\"attachment-thumbnail size-thumbnail wp-image-206\" alt=\"\" srcset=\"https:\/\/horvatorszagiautomentes.hu\/wp-content\/uploads\/2024\/03\/transport_14945232-150x150.png 150w, https:\/\/horvatorszagiautomentes.hu\/wp-content\/uploads\/2024\/03\/transport_14945232-300x300.png 300w, https:\/\/horvatorszagiautomentes.hu\/wp-content\/uploads\/2024\/03\/transport_14945232.png 512w\" sizes=\"(max-width: 150px) 85vw, 150px\" \/><\/figure><div class=\"elementor-image-box-content\"><h1 class=\"elementor-image-box-title\">Egy\u00e9b sz\u00e1ll\u00edt\u00e1s 3.5t t\u00f6meghat\u00e1rig<\/h1><p class=\"elementor-image-box-description\">Mez\u0151gazdas\u00e1gi j\u00e1rm\u0171vek\/ eszk\u00f6z\u00f6k, (kistraktor, ut\u00e1nfut\u00f3 kutliv\u00e1tor),targonc\u00e1k, jakuzzik, kisebb medenc\u00e9k, Ac\u00e9l szerelv\u00e9nyek stb szakszer\u0171 sz\u00e1ll\u00edt\u00e1sa.<\/p><\/div><\/div>\t\t<\/div>\n\t\t\t\t<\/div>\n\t\t\t\t<\/div>\n\t\t\t\t\t<\/div>\n\t\t\t\t<\/div>\n\t\t\t\t\t<\/div>\n\t\t\t\t<\/div>\n\t\t<div class=\"elementor-element elementor-element-5e64fe27 e-flex e-con-boxed e-con e-parent\" data-id=\"5e64fe27\" data-element_type=\"container\" data-settings=\"{&quot;background_background&quot;:&quot;classic&quot;,&quot;content_width&quot;:&quot;boxed&quot;}\" data-core-v316-plus=\"true\">\n\t\t\t\t\t<div class=\"e-con-inner\">\n\t\t<div class=\"elementor-element elementor-element-66bd24b6 e-con-full e-flex e-con e-child\" data-id=\"66bd24b6\" data-element_type=\"container\" data-settings=\"{&quot;content_width&quot;:&quot;full&quot;}\">\n\t\t\t\t<div class=\"elementor-element elementor-element-313df720 elementor-widget__width-initial elementor-widget elementor-widget-text-editor\" data-id=\"313df720\" data-element_type=\"widget\" data-widget_type=\"text-editor.default\">\n\t\t\t\t<div class=\"elementor-widget-container\">\n\t\t\t\t\t\t\t<h2><span style=\"color: #ffffff;\">\u2022<\/span><\/h2><h1 style=\"text-align: center;\"><span style=\"color: #ffffff;\"><span style=\"color: #ffffff;\">h\u00edvjon minket bizalommal!<\/span><\/span><\/h1><p>\u00a0<\/p><h2 style=\"text-align: center;\"><span style=\"color: #ffffff;\">+36 70\u00a0374 3647<\/span><\/h2><h2 style=\"text-align: center;\"><span style=\"color: #ffffff;\">+36 20 583 6112<\/span><\/h2>\t\t\t\t\t\t<\/div>\n\t\t\t\t<\/div>\n\t\t\t\t<\/div>\n\t\t\t\t\t<\/div>\n\t\t\t\t<\/div>\n\t\t<div class=\"elementor-element elementor-element-0df346e e-flex e-con-boxed e-con e-parent\" data-id=\"0df346e\" data-element_type=\"container\" data-settings=\"{&quot;content_width&quot;:&quot;boxed&quot;}\" data-core-v316-plus=\"true\">\n\t\t\t\t\t<div class=\"e-con-inner\">\n\t\t\t\t<div class=\"elementor-element elementor-element-62390b5 elementor-widget elementor-widget-html\" data-id=\"62390b5\" data-element_type=\"widget\" data-widget_type=\"html.default\">\n\t\t\t\t<div class=\"elementor-widget-container\">\n\t\t\t<meta property=\"og:image\"              content=\"https:\/\/horvatorszagiautomentes.hu\/wp-content\/uploads\/2024\/05\/facebook.jpg\" \/>\t\t<\/div>\n\t\t\t\t<\/div>\n\t\t\t\t\t<\/div>\n\t\t\t\t<\/div>\n\t\t\t\t<\/div>\n\t\t\n","protected":false},"excerpt":{"rendered":"","protected":false},"author":1,"featured_media":195,"parent":0,"menu_order":0,"comment_status":"closed","ping_status":"closed","template":"elementor_canvas","meta":{"footnotes":""},"class_list":["post-215","page","type-page","status-publish","has-post-thumbnail","hentry"],"_links":{"self":[{"href":"https:\/\/horvatorszagiautomentes.hu\/index.php?rest_route=\/wp\/v2\/pages\/215","targetHints":{"allow":["GET"]}}],"collection":[{"href":"https:\/\/horvatorszagiautomentes.hu\/index.php?rest_route=\/wp\/v2\/pages"}],"about":[{"href":"https:\/\/horvatorszagiautomentes.hu\/index.php?rest_route=\/wp\/v2\/types\/page"}],"author":[{"embeddable":true,"href":"https:\/\/horvatorszagiautomentes.hu\/index.php?rest_route=\/wp\/v2\/users\/1"}],"replies":[{"embeddable":true,"href":"https:\/\/horvatorszagiautomentes.hu\/index.php?rest_route=%2Fwp%2Fv2%2Fcomments&post=215"}],"version-history":[{"count":3,"href":"https:\/\/horvatorszagiautomentes.hu\/index.php?rest_route=\/wp\/v2\/pages\/215\/revisions"}],"predecessor-version":[{"id":240,"href":"https:\/\/horvatorszagiautomentes.hu\/index.php?rest_route=\/wp\/v2\/pages\/215\/revisions\/240"}],"wp:featuredmedia":[{"embeddable":true,"href":"https:\/\/horvatorszagiautomentes.hu\/index.php?rest_route=\/wp\/v2\/media\/195"}],"wp:attachment":[{"href":"https:\/\/horvatorszagiautomentes.hu\/index.php?rest_route=%2Fwp%2Fv2%2Fmedia&parent=215"}],"curies":[{"name":"wp","href":"https:\/\/api.w.org\/{rel}","templated":true}]}}